{"id":94,"date":"2021-05-25T07:25:44","date_gmt":"2021-05-25T07:25:44","guid":{"rendered":"http:\/\/hydraulik-plus.de\/?page_id=94"},"modified":"2025-02-04T18:36:04","modified_gmt":"2025-02-04T18:36:04","slug":"impressum","status":"publish","type":"page","link":"http:\/\/hydraulik-plus.de\/?page_id=94","title":{"rendered":"Impressum"},"content":{"rendered":"\n<p><strong>Impressum<\/strong><\/p>\n\n\n\n<p><strong>Gesetzliche Anbieterkennung:<\/strong><\/p>\n\n\n\n<p><strong>Hydraulik Plus UG (haftungsbeschr\u00e4nkt)<\/strong><br><strong>Zinkh\u00fcttenweg 13<br>44143 Dortmund<br><\/strong><br><strong>Gesch\u00e4ftsf\u00fchrer\u00a0Michael Kung<\/strong><br><strong>Telefon: 49 (0) 231 \/799 5918<\/strong><br><strong>Telefax: 49 (0) 231 \/799 5919<br>E-Mail:\u00a0info@torlando.de<br>USt-IdNr.: DE 263878571<\/strong><br><strong>eingetragen im Handelsregister des Amtsgerichtes Dortmund<br>Handelsregisternummer HRB 21694<\/strong><\/p>\n\n\n\n<p><strong>Alternative Streitbeilegung:<\/strong><br>Die Europ\u00e4ische Kommission stellt eine Plattform f\u00fcr die au\u00dfergerichtliche Online-Streitbeilegung (OS-Plattform) bereit, aufrufbar unter&nbsp;<a href=\"https:\/\/ec.europa.eu\/consumers\/odr\" target=\"_blank\" rel=\"noreferrer noopener\">https:\/\/ec.europa.eu\/odr<\/a>.<\/p>\n\n\n\n<p><strong>Wir sind seit&nbsp;<\/strong><strong>28.01.2016&nbsp;<\/strong><strong>Mitglied der Initiative &#8222;FairCommerce&#8220;.<\/strong><br>N\u00e4here Informationen hierzu finden Sie unter&nbsp;<a href=\"https:\/\/www.fair-commerce.de\/\" target=\"_blank\" rel=\"noreferrer noopener\">www.fair-commerce.de<\/a>.<\/p>\n","protected":false},"excerpt":{"rendered":"<p>Impressum Gesetzliche Anbieterkennung: Hydraulik Plus UG (haftungsbeschr\u00e4nkt)Zinkh\u00fcttenweg 1344143 DortmundGesch\u00e4ftsf\u00fchrer\u00a0Michael KungTelefon: 49 (0) 231 \/799 5918Telefax: 49 (0) 231 \/799 5919E-Mail:\u00a0info@torlando.deUSt-IdNr.: DE 263878571eingetragen im Handelsregister des Amtsgerichtes DortmundHandelsregisternummer HRB 21694 Alternative Streitbeilegung:Die Europ\u00e4ische Kommission stellt eine Plattform f\u00fcr die au\u00dfergerichtliche Online-Streitbeilegung (OS-Plattform) bereit, aufrufbar unter&nbsp;https:\/\/ec.europa.eu\/odr. Wir sind seit&nbsp;28.01.2016&nbsp;Mitglied der Initiative &#8222;FairCommerce&#8220;.N\u00e4here Informationen hierzu finden Sie unter&nbsp;www.fair-commerce.de.<\/p>\n","protected":false},"author":1,"featured_media":0,"parent":0,"menu_order":0,"comment_status":"closed","ping_status":"closed","template":"","meta":{"ocean_post_layout":"full-width","ocean_both_sidebars_style":"","ocean_both_sidebars_content_width":0,"ocean_both_sidebars_sidebars_width":0,"ocean_sidebar":"0","ocean_second_sidebar":"0","ocean_disable_margins":"on","ocean_add_body_class":"","ocean_shortcode_before_top_bar":"","ocean_shortcode_after_top_bar":"","ocean_shortcode_before_header":"","ocean_shortcode_after_header":"","ocean_has_shortcode":"","ocean_shortcode_after_title":"","ocean_shortcode_before_footer_widgets":"","ocean_shortcode_after_footer_widgets":"","ocean_shortcode_before_footer_bottom":"","ocean_shortcode_after_footer_bottom":"","ocean_display_top_bar":"off","ocean_display_header":"off","ocean_header_style":"","ocean_center_header_left_menu":"0","ocean_custom_header_template":"0","ocean_custom_logo":0,"ocean_custom_retina_logo":0,"ocean_custom_logo_max_width":0,"ocean_custom_logo_tablet_max_width":0,"ocean_custom_logo_mobile_max_width":0,"ocean_custom_logo_max_height":0,"ocean_custom_logo_tablet_max_height":0,"ocean_custom_logo_mobile_max_height":0,"ocean_header_custom_menu":"0","ocean_menu_typo_font_family":"0","ocean_menu_typo_font_subset":"","ocean_menu_typo_font_size":0,"ocean_menu_typo_font_size_tablet":0,"ocean_menu_typo_font_size_mobile":0,"ocean_menu_typo_font_size_unit":"px","ocean_menu_typo_font_weight":"","ocean_menu_typo_font_weight_tablet":"","ocean_menu_typo_font_weight_mobile":"","ocean_menu_typo_transform":"","ocean_menu_typo_transform_tablet":"","ocean_menu_typo_transform_mobile":"","ocean_menu_typo_line_height":0,"ocean_menu_typo_line_height_tablet":0,"ocean_menu_typo_line_height_mobile":0,"ocean_menu_typo_line_height_unit":"","ocean_menu_typo_spacing":0,"ocean_menu_typo_spacing_tablet":0,"ocean_menu_typo_spacing_mobile":0,"ocean_menu_typo_spacing_unit":"","ocean_menu_link_color":"","ocean_menu_link_color_hover":"","ocean_menu_link_color_active":"","ocean_menu_link_background":"","ocean_menu_link_hover_background":"","ocean_menu_link_active_background":"","ocean_menu_social_links_bg":"","ocean_menu_social_hover_links_bg":"","ocean_menu_social_links_color":"","ocean_menu_social_hover_links_color":"","ocean_disable_title":"on","ocean_disable_heading":"default","ocean_post_title":"","ocean_post_subheading":"","ocean_post_title_style":"","ocean_post_title_background_color":"","ocean_post_title_background":0,"ocean_post_title_bg_image_position":"","ocean_post_title_bg_image_attachment":"","ocean_post_title_bg_image_repeat":"","ocean_post_title_bg_image_size":"","ocean_post_title_height":0,"ocean_post_title_bg_overlay":0.5,"ocean_post_title_bg_overlay_color":"","ocean_disable_breadcrumbs":"off","ocean_breadcrumbs_color":"","ocean_breadcrumbs_separator_color":"","ocean_breadcrumbs_links_color":"","ocean_breadcrumbs_links_hover_color":"","ocean_display_footer_widgets":"off","ocean_display_footer_bottom":"off","ocean_custom_footer_template":"0","footnotes":""},"class_list":["post-94","page","type-page","status-publish","hentry","entry"],"_links":{"self":[{"href":"http:\/\/hydraulik-plus.de\/index.php?rest_route=\/wp\/v2\/pages\/94","targetHints":{"allow":["GET"]}}],"collection":[{"href":"http:\/\/hydraulik-plus.de\/index.php?rest_route=\/wp\/v2\/pages"}],"about":[{"href":"http:\/\/hydraulik-plus.de\/index.php?rest_route=\/wp\/v2\/types\/page"}],"author":[{"embeddable":true,"href":"http:\/\/hydraulik-plus.de\/index.php?rest_route=\/wp\/v2\/users\/1"}],"replies":[{"embeddable":true,"href":"http:\/\/hydraulik-plus.de\/index.php?rest_route=%2Fwp%2Fv2%2Fcomments&post=94"}],"version-history":[{"count":4,"href":"http:\/\/hydraulik-plus.de\/index.php?rest_route=\/wp\/v2\/pages\/94\/revisions"}],"predecessor-version":[{"id":405,"href":"http:\/\/hydraulik-plus.de\/index.php?rest_route=\/wp\/v2\/pages\/94\/revisions\/405"}],"wp:attachment":[{"href":"http:\/\/hydraulik-plus.de\/index.php?rest_route=%2Fwp%2Fv2%2Fmedia&parent=94"}],"curies":[{"name":"wp","href":"https:\/\/api.w.org\/{rel}","templated":true}]}}